{"id":65,"date":"2021-03-19T11:48:01","date_gmt":"2021-03-19T10:48:01","guid":{"rendered":"http:\/\/blog.sns204.fr\/?page_id=65"},"modified":"2021-09-27T20:43:11","modified_gmt":"2021-09-27T18:43:11","slug":"don-en-ligne","status":"publish","type":"page","link":"https:\/\/blog.sns204.fr\/?page_id=65","title":{"rendered":"Don en ligne"},"content":{"rendered":"\n<p>Vous pouvez soutenir notre station de Canet-en-roussillon en faisant un don sur le site national \u00e0 l&rsquo;adresse : <a href=\"https:\/\/don.snsm.org\/soutenir\" target=\"_blank\" rel=\"noreferrer noopener\">https:\/\/don.snsm.org\/soutenir<\/a><\/p>\n\n\n\n<p>Pour cela, pensez \u00e0 bien s\u00e9lectionner la station \u00e0 affecter :<\/p>\n\n\n\n<figure class=\"wp-block-image size-large\"><img loading=\"lazy\" width=\"636\" height=\"460\" src=\"https:\/\/blog.sns204.fr\/wp-content\/uploads\/2021\/03\/don-site-national-1.jpg\" alt=\"\" class=\"wp-image-416\" srcset=\"https:\/\/blog.sns204.fr\/wp-content\/uploads\/2021\/03\/don-site-national-1.jpg 636w, https:\/\/blog.sns204.fr\/wp-content\/uploads\/2021\/03\/don-site-national-1-300x217.jpg 300w\" sizes=\"(max-width: 636px) 100vw, 636px\" \/><\/figure>\n\n\n\n<p>Merci !<\/p>\n","protected":false},"excerpt":{"rendered":"<p>Vous pouvez soutenir notre station de Canet-en-roussillon en faisant un don sur le site national \u00e0 l&rsquo;adresse : https:\/\/don.snsm.org\/soutenir Pour cela, pensez \u00e0 bien s\u00e9lectionner la station \u00e0 affecter : Merci !<\/p>\n","protected":false},"author":2,"featured_media":0,"parent":38,"menu_order":0,"comment_status":"closed","ping_status":"closed","template":"page-templates\/sidebar.php","meta":[],"_links":{"self":[{"href":"https:\/\/blog.sns204.fr\/index.php?rest_route=\/wp\/v2\/pages\/65"}],"collection":[{"href":"https:\/\/blog.sns204.fr\/index.php?rest_route=\/wp\/v2\/pages"}],"about":[{"href":"https:\/\/blog.sns204.fr\/index.php?rest_route=\/wp\/v2\/types\/page"}],"author":[{"embeddable":true,"href":"https:\/\/blog.sns204.fr\/index.php?rest_route=\/wp\/v2\/users\/2"}],"replies":[{"embeddable":true,"href":"https:\/\/blog.sns204.fr\/index.php?rest_route=%2Fwp%2Fv2%2Fcomments&post=65"}],"version-history":[{"count":5,"href":"https:\/\/blog.sns204.fr\/index.php?rest_route=\/wp\/v2\/pages\/65\/revisions"}],"predecessor-version":[{"id":555,"href":"https:\/\/blog.sns204.fr\/index.php?rest_route=\/wp\/v2\/pages\/65\/revisions\/555"}],"up":[{"embeddable":true,"href":"https:\/\/blog.sns204.fr\/index.php?rest_route=\/wp\/v2\/pages\/38"}],"wp:attachment":[{"href":"https:\/\/blog.sns204.fr\/index.php?rest_route=%2Fwp%2Fv2%2Fmedia&parent=65"}],"curies":[{"name":"wp","href":"https:\/\/api.w.org\/{rel}","templated":true}]}}