{"id":607,"date":"2021-10-05T19:20:56","date_gmt":"2021-10-05T17:20:56","guid":{"rendered":"https:\/\/blog.sns204.fr\/?page_id=607"},"modified":"2022-02-22T20:02:37","modified_gmt":"2022-02-22T19:02:37","slug":"notre-local","status":"publish","type":"page","link":"https:\/\/blog.sns204.fr\/?page_id=607","title":{"rendered":"Notre local"},"content":{"rendered":"\n<p>Notre local est situ\u00e9 avenue du Capitaine Delestrain (\u00c0 c\u00f4t\u00e9 du restaurant La Voile Bleue).<\/p>\n\n\n\n<figure class=\"wp-block-image size-large\"><img loading=\"lazy\" width=\"800\" height=\"497\" src=\"https:\/\/blog.sns204.fr\/wp-content\/uploads\/2022\/02\/snsm_plan.jpg\" alt=\"\" class=\"wp-image-623\" srcset=\"https:\/\/blog.sns204.fr\/wp-content\/uploads\/2022\/02\/snsm_plan.jpg 800w, https:\/\/blog.sns204.fr\/wp-content\/uploads\/2022\/02\/snsm_plan-300x186.jpg 300w, https:\/\/blog.sns204.fr\/wp-content\/uploads\/2022\/02\/snsm_plan-768x477.jpg 768w\" sizes=\"(max-width: 800px) 100vw, 800px\" \/><\/figure>\n","protected":false},"excerpt":{"rendered":"<p>Notre local est situ\u00e9 avenue du Capitaine Delestrain (\u00c0 c\u00f4t\u00e9 du restaurant La Voile Bleue).<\/p>\n","protected":false},"author":2,"featured_media":0,"parent":109,"menu_order":0,"comment_status":"closed","ping_status":"closed","template":"page-templates\/sidebar.php","meta":[],"_links":{"self":[{"href":"https:\/\/blog.sns204.fr\/index.php?rest_route=\/wp\/v2\/pages\/607"}],"collection":[{"href":"https:\/\/blog.sns204.fr\/index.php?rest_route=\/wp\/v2\/pages"}],"about":[{"href":"https:\/\/blog.sns204.fr\/index.php?rest_route=\/wp\/v2\/types\/page"}],"author":[{"embeddable":true,"href":"https:\/\/blog.sns204.fr\/index.php?rest_route=\/wp\/v2\/users\/2"}],"replies":[{"embeddable":true,"href":"https:\/\/blog.sns204.fr\/index.php?rest_route=%2Fwp%2Fv2%2Fcomments&post=607"}],"version-history":[{"count":2,"href":"https:\/\/blog.sns204.fr\/index.php?rest_route=\/wp\/v2\/pages\/607\/revisions"}],"predecessor-version":[{"id":624,"href":"https:\/\/blog.sns204.fr\/index.php?rest_route=\/wp\/v2\/pages\/607\/revisions\/624"}],"up":[{"embeddable":true,"href":"https:\/\/blog.sns204.fr\/index.php?rest_route=\/wp\/v2\/pages\/109"}],"wp:attachment":[{"href":"https:\/\/blog.sns204.fr\/index.php?rest_route=%2Fwp%2Fv2%2Fmedia&parent=607"}],"curies":[{"name":"wp","href":"https:\/\/api.w.org\/{rel}","templated":true}]}}