{"id":38,"date":"2021-03-18T23:18:02","date_gmt":"2021-03-18T22:18:02","guid":{"rendered":"http:\/\/blog.sns204.fr\/?page_id=38"},"modified":"2022-02-22T20:34:29","modified_gmt":"2022-02-22T19:34:29","slug":"aider-la-station","status":"publish","type":"page","link":"https:\/\/blog.sns204.fr\/?page_id=38","title":{"rendered":"Aider la station"},"content":{"rendered":"\n<p>La SNSM est reconnue d\u2019utilit\u00e9 publique par d\u00e9cret du 30 avril 1970.<br>La SNSM est une association dont la principale mission est de sauver la vie humaine en mer. Son financement repose essentiellement sur la g\u00e9n\u00e9rosit\u00e9 du public.<\/p>\n\n\n\n<div class=\"wp-block-image\"><figure class=\"alignleft size-large\"><img loading=\"lazy\" width=\"150\" height=\"153\" src=\"https:\/\/blog.sns204.fr\/wp-content\/uploads\/2022\/02\/dons_en_confiance.jpg\" alt=\"\" class=\"wp-image-628\"\/><\/figure><\/div>\n\n\n\n<p>Devenir membre associ\u00e9 avec un don de 30 \u20ac ne vous co\u00fbte, apr\u00e8s d\u00e9duction fiscale, que 10 \u20ac ! Quelque soit le montant de votre don, il ne vous co\u00fbte qu&rsquo;1\/3 de la somme que vous souhaitez verser&#8230;<\/p>\n\n\n\n<p><strong>D\u00e9duction fiscale<\/strong> : Si vous \u00eates redevable de l&rsquo;imp\u00f4t sur le revenu, votre don vous ouvre droit \u00e0 une d\u00e9duction fiscale dans la limite de 20% de votre revenu imposable. Le surplus \u00e9tant reportable 5 ans. Le re\u00e7u fiscal de votre don de l\u2019ann\u00e9e vous sera adress\u00e9 au cours du premier trimestre de l\u2019ann\u00e9e suivante.<\/p>\n\n\n\n<p><strong>Vous pouvez faire un <a href=\"https:\/\/blog.sns204.fr\/?page_id=65\" data-type=\"URL\" data-id=\"https:\/\/blog.sns204.fr\/?page_id=65\">don en ligne<\/a> , ou directement \u00e0 la station de Canet-en-Roussillon. <\/strong><\/p>\n\n\n\n<p>Nous comptons sur votre participation et votre g\u00e9n\u00e9rosit\u00e9 !<\/p>\n","protected":false},"excerpt":{"rendered":"<p>La SNSM est reconnue d\u2019utilit\u00e9 publique par d\u00e9cret du 30 avril 1970.La SNSM est une association dont la principale mission est de sauver la vie humaine en mer. Son financement repose essentiellement sur la g\u00e9n\u00e9rosit\u00e9 du public. Devenir membre associ\u00e9 avec un don de 30 \u20ac ne vous co\u00fbte, apr\u00e8s d\u00e9duction fiscale, que 10 \u20ac&#8230;<\/p>\n<p class=\"more-link-wrap\"><a href=\"https:\/\/blog.sns204.fr\/?page_id=38\" class=\"more-link\">Lire la suite<span class=\"screen-reader-text\"> &ldquo;Aider la station&rdquo;<\/span> &raquo;<\/a><\/p>\n","protected":false},"author":1,"featured_media":0,"parent":0,"menu_order":0,"comment_status":"closed","ping_status":"closed","template":"page-templates\/sidebar.php","meta":[],"_links":{"self":[{"href":"https:\/\/blog.sns204.fr\/index.php?rest_route=\/wp\/v2\/pages\/38"}],"collection":[{"href":"https:\/\/blog.sns204.fr\/index.php?rest_route=\/wp\/v2\/pages"}],"about":[{"href":"https:\/\/blog.sns204.fr\/index.php?rest_route=\/wp\/v2\/types\/page"}],"author":[{"embeddable":true,"href":"https:\/\/blog.sns204.fr\/index.php?rest_route=\/wp\/v2\/users\/1"}],"replies":[{"embeddable":true,"href":"https:\/\/blog.sns204.fr\/index.php?rest_route=%2Fwp%2Fv2%2Fcomments&post=38"}],"version-history":[{"count":4,"href":"https:\/\/blog.sns204.fr\/index.php?rest_route=\/wp\/v2\/pages\/38\/revisions"}],"predecessor-version":[{"id":630,"href":"https:\/\/blog.sns204.fr\/index.php?rest_route=\/wp\/v2\/pages\/38\/revisions\/630"}],"wp:attachment":[{"href":"https:\/\/blog.sns204.fr\/index.php?rest_route=%2Fwp%2Fv2%2Fmedia&parent=38"}],"curies":[{"name":"wp","href":"https:\/\/api.w.org\/{rel}","templated":true}]}}