{"id":37,"date":"2021-03-18T23:18:02","date_gmt":"2021-03-18T22:18:02","guid":{"rendered":"http:\/\/blog.sns204.fr\/?page_id=37"},"modified":"2023-01-12T07:28:54","modified_gmt":"2023-01-12T06:28:54","slug":"entrainements","status":"publish","type":"page","link":"https:\/\/blog.sns204.fr\/?page_id=37","title":{"rendered":"Formation"},"content":{"rendered":"\n<p>La formation est une priorit\u00e9 strat\u00e9gique et essentielle pour que nos \u00e9quipages et nos nageurs sauveteurs puissent remplir leurs missions avec la plus grande efficacit\u00e9 et en toute s\u00e9curit\u00e9.<\/p>\n\n\n\n<p>Les formations op\u00e9rationnelles sont r\u00e9alis\u00e9es localement ou \u00e0 Saint-Nazaire, au p\u00f4le national de formation.<\/p>\n\n\n\n<p>Au-del\u00e0 des aspects techniques et p\u00e9dagogiques, les sessions ouvertes au niveau national&nbsp;sont une fantastique opportunit\u00e9 d\u2019\u00e9change et de partage avec des b\u00e9n\u00e9voles formateurs ou stagiaires venus de tous les&nbsp;\u00e9tablissements de France.<\/p>\n\n\n\n<p><strong>\u00c0 la station de Canet-en-Roussillon nous accueillons chaque ann\u00e9e 12 stagiaires pour la formation  SNB 1.<\/strong><\/p>\n\n\n\n<figure class=\"wp-block-image size-large\"><img loading=\"lazy\" width=\"780\" height=\"216\" src=\"https:\/\/blog.sns204.fr\/wp-content\/uploads\/2023\/01\/Capture-decran-2023-01-12-a-07.02.17-1.png\" alt=\"\" class=\"wp-image-990\" srcset=\"https:\/\/blog.sns204.fr\/wp-content\/uploads\/2023\/01\/Capture-decran-2023-01-12-a-07.02.17-1.png 780w, https:\/\/blog.sns204.fr\/wp-content\/uploads\/2023\/01\/Capture-decran-2023-01-12-a-07.02.17-1-300x83.png 300w, https:\/\/blog.sns204.fr\/wp-content\/uploads\/2023\/01\/Capture-decran-2023-01-12-a-07.02.17-1-768x213.png 768w\" sizes=\"(max-width: 780px) 100vw, 780px\" \/><\/figure>\n\n\n\n<p>La formation Sauveteur Nageur de Bord niveau 1 concerne les sauveteurs embarqu\u00e9s. L&rsquo;objectif est d&rsquo;effectuer une op\u00e9ration de sauvetage aquatique en surface depuis le bord d\u2019un&nbsp;semi-rigide&nbsp;ou d\u2019une vedette SNSM. Pour s&rsquo;y inscrire, des pr\u00e9requis sont n\u00e9cessaires : \u00eatre canotier op\u00e9rationnel, \u00eatre titulaire du permis c\u00f4tier et du CRR, avoir son PSE1 \u00e0 jour. Des tests aquatiques doivent \u00eatre valid\u00e9s pour pr\u00e9tendre au suivi de cette formation : une bonne condition physique est n\u00e9cessaire !<\/p>\n","protected":false},"excerpt":{"rendered":"<p>La formation est une priorit\u00e9 strat\u00e9gique et essentielle pour que nos \u00e9quipages et nos nageurs sauveteurs puissent remplir leurs missions avec la plus grande efficacit\u00e9 et en toute s\u00e9curit\u00e9. Les formations op\u00e9rationnelles sont r\u00e9alis\u00e9es localement ou \u00e0 Saint-Nazaire, au p\u00f4le national de formation. Au-del\u00e0 des aspects techniques et p\u00e9dagogiques, les sessions ouvertes au niveau national&nbsp;sont&#8230;<\/p>\n<p class=\"more-link-wrap\"><a href=\"https:\/\/blog.sns204.fr\/?page_id=37\" class=\"more-link\">Lire la suite<span class=\"screen-reader-text\"> &ldquo;Formation&rdquo;<\/span> &raquo;<\/a><\/p>\n","protected":false},"author":1,"featured_media":0,"parent":0,"menu_order":0,"comment_status":"closed","ping_status":"closed","template":"page-templates\/sidebar.php","meta":[],"_links":{"self":[{"href":"https:\/\/blog.sns204.fr\/index.php?rest_route=\/wp\/v2\/pages\/37"}],"collection":[{"href":"https:\/\/blog.sns204.fr\/index.php?rest_route=\/wp\/v2\/pages"}],"about":[{"href":"https:\/\/blog.sns204.fr\/index.php?rest_route=\/wp\/v2\/types\/page"}],"author":[{"embeddable":true,"href":"https:\/\/blog.sns204.fr\/index.php?rest_route=\/wp\/v2\/users\/1"}],"replies":[{"embeddable":true,"href":"https:\/\/blog.sns204.fr\/index.php?rest_route=%2Fwp%2Fv2%2Fcomments&post=37"}],"version-history":[{"count":7,"href":"https:\/\/blog.sns204.fr\/index.php?rest_route=\/wp\/v2\/pages\/37\/revisions"}],"predecessor-version":[{"id":991,"href":"https:\/\/blog.sns204.fr\/index.php?rest_route=\/wp\/v2\/pages\/37\/revisions\/991"}],"wp:attachment":[{"href":"https:\/\/blog.sns204.fr\/index.php?rest_route=%2Fwp%2Fv2%2Fmedia&parent=37"}],"curies":[{"name":"wp","href":"https:\/\/api.w.org\/{rel}","templated":true}]}}