{"id":109,"date":"2021-03-19T19:28:30","date_gmt":"2021-03-19T18:28:30","guid":{"rendered":"http:\/\/blog.sns204.fr\/?page_id=109"},"modified":"2022-08-22T05:54:14","modified_gmt":"2022-08-22T03:54:14","slug":"la-station","status":"publish","type":"page","link":"https:\/\/blog.sns204.fr\/?page_id=109","title":{"rendered":"La station"},"content":{"rendered":"\n<p><strong>Pr\u00e9sident :<\/strong> Ga\u00ebl Duteil<br><strong>Patron :<\/strong> Emmanuel ARENAL<br><strong>Tr\u00e9sorier :<\/strong> Alain Alamo<br><strong>Secr\u00e9taire<\/strong> : Christophe Montagner<\/p>\n\n\n\n<p><span class=\"has-inline-color has-luminous-vivid-orange-color\">Pour nous contacter :<\/span><\/p>\n\n\n\n<p><strong>Par courriel<\/strong> : snsmcanet204 @ gmail.com<\/p>\n\n\n\n<p><strong>Au t\u00e9l\u00e9phone<\/strong> : 06 03 45 09 68<\/p>\n\n\n\n<p><strong>Par courrier<\/strong> : <\/p>\n\n\n\n<p class=\"has-text-align-center\">SNSM<br>Avenue du Capitaine Delestrain<br>66140 Canet-en-Roussillon<\/p>\n","protected":false},"excerpt":{"rendered":"<p>Pr\u00e9sident : Ga\u00ebl DuteilPatron : Emmanuel ARENALTr\u00e9sorier : Alain AlamoSecr\u00e9taire : Christophe Montagner Pour nous contacter : Par courriel : snsmcanet204 @ gmail.com Au t\u00e9l\u00e9phone : 06 03 45 09 68 Par courrier : SNSMAvenue du Capitaine Delestrain66140 Canet-en-Roussillon<\/p>\n","protected":false},"author":1,"featured_media":0,"parent":0,"menu_order":0,"comment_status":"closed","ping_status":"closed","template":"page-templates\/sidebar.php","meta":[],"_links":{"self":[{"href":"https:\/\/blog.sns204.fr\/index.php?rest_route=\/wp\/v2\/pages\/109"}],"collection":[{"href":"https:\/\/blog.sns204.fr\/index.php?rest_route=\/wp\/v2\/pages"}],"about":[{"href":"https:\/\/blog.sns204.fr\/index.php?rest_route=\/wp\/v2\/types\/page"}],"author":[{"embeddable":true,"href":"https:\/\/blog.sns204.fr\/index.php?rest_route=\/wp\/v2\/users\/1"}],"replies":[{"embeddable":true,"href":"https:\/\/blog.sns204.fr\/index.php?rest_route=%2Fwp%2Fv2%2Fcomments&post=109"}],"version-history":[{"count":9,"href":"https:\/\/blog.sns204.fr\/index.php?rest_route=\/wp\/v2\/pages\/109\/revisions"}],"predecessor-version":[{"id":906,"href":"https:\/\/blog.sns204.fr\/index.php?rest_route=\/wp\/v2\/pages\/109\/revisions\/906"}],"wp:attachment":[{"href":"https:\/\/blog.sns204.fr\/index.php?rest_route=%2Fwp%2Fv2%2Fmedia&parent=109"}],"curies":[{"name":"wp","href":"https:\/\/api.w.org\/{rel}","templated":true}]}}